{"id":86,"date":"2015-09-14T17:13:59","date_gmt":"2015-09-14T17:13:59","guid":{"rendered":"http:\/\/vps2.kwitdata.se\/?page_id=86"},"modified":"2022-01-27T09:37:51","modified_gmt":"2022-01-27T07:37:51","slug":"utbildningar","status":"publish","type":"page","link":"https:\/\/advanceadvokatbyra.se\/en\/?page_id=86","title":{"rendered":"Education"},"content":{"rendered":"<p><span lang=\"EN-GB\">Lawyer Stefan Flemstr\u00f6m serve as educator for a number of institutions and companies.<\/span><\/p>\n<p><span lang=\"EN-GB\">ADVANCE ADVOKATBYR\u00c5 also arranges <strong>customised<\/strong>, internal business <strong>trainings\u00a0<\/strong>in labour law and other civil law, including commercial rental law.<\/span><\/p>\n<p><span lang=\"EN-GB\">If you would like more information or a quote, contact lawyer Stefan Flemstr\u00f6m.<\/span><\/p>\n<p><strong>FEI \u2013F\u00f6retagsekonomiska Institutet (Business Economics Institute)<\/strong><\/p>\n<p><span lang=\"EN-GB\">Lawyer Stefan Flemstr\u00f6m regularly teach courses at FEI in labour law and civil law. Since 2015, the institute has also offered a training program for estate agents with lawyer Stefan Flemstr\u00f6m serving as lecturer. For more information on the institute\u2019s course offerings, go to\u00a0<\/span><span lang=\"EN-US\"><a href=\"http:\/\/www.fei.se\/\" target=\"_blank\" rel=\"noopener\"><b><span lang=\"EN-GB\">www.fei.se \u00bb<\/span><\/b><\/a><\/span><\/p>\n<p><strong><span lang=\"EN-GB\">Stockholm University \u2013 Labour Law<\/span><\/strong><\/p>\n<p><span lang=\"EN-GB\">Lawyer Stefan Flemstr\u00f6m is a regular lecturer in labour law at Stockholm University, both for the law program and independent courses. For more information, visit the Department of Law\u2019s website and click \u201cEducation\u201d \u2013 \u00a0<\/span><span lang=\"EN-US\"><a href=\"http:\/\/www.jurinst.su.se\/\" target=\"_blank\" rel=\"noopener\"><b><span lang=\"EN-GB\">www.jurinst.su.se\u00a0\u00bb<\/span><\/b><\/a><\/span><\/p>\n<p><strong><span lang=\"EN-GB\">Other training providers<\/span><\/strong><\/p>\n<p>Lawyer Stefan Flemstr\u00f6m also work regularly as a lecturer and trainer for other education providers of labour law such as JP Utbildning, Blendow Institute, Framfot, Sveriges HR F\u00f6rening, Arbetsmilj\u00f6forum, IHM Business School, F\u00f6retagsuniversitetet, Sanoma Utbildning, Xenters Yrkesh\u00f6gskola, Norstedts Juridik, F\u00f6retagsutbildarna and many more. They have also trained administrators at municipalities and organizations in the labour market.<\/p>\n","protected":false},"excerpt":{"rendered":"<p>Lawyer Stefan Flemstr\u00f6m serve as educator for a number of institutions and companies. ADVANCE ADVOKATBYR\u00c5 also arranges customised, internal business<\/p>\n","protected":false},"author":1,"featured_media":0,"parent":0,"menu_order":0,"comment_status":"closed","ping_status":"closed","template":"","meta":[],"_links":{"self":[{"href":"https:\/\/advanceadvokatbyra.se\/en\/index.php?rest_route=\/wp\/v2\/pages\/86"}],"collection":[{"href":"https:\/\/advanceadvokatbyra.se\/en\/index.php?rest_route=\/wp\/v2\/pages"}],"about":[{"href":"https:\/\/advanceadvokatbyra.se\/en\/index.php?rest_route=\/wp\/v2\/types\/page"}],"author":[{"embeddable":true,"href":"https:\/\/advanceadvokatbyra.se\/en\/index.php?rest_route=\/wp\/v2\/users\/1"}],"replies":[{"embeddable":true,"href":"https:\/\/advanceadvokatbyra.se\/en\/index.php?rest_route=%2Fwp%2Fv2%2Fcomments&post=86"}],"version-history":[{"count":29,"href":"https:\/\/advanceadvokatbyra.se\/en\/index.php?rest_route=\/wp\/v2\/pages\/86\/revisions"}],"predecessor-version":[{"id":696,"href":"https:\/\/advanceadvokatbyra.se\/en\/index.php?rest_route=\/wp\/v2\/pages\/86\/revisions\/696"}],"wp:attachment":[{"href":"https:\/\/advanceadvokatbyra.se\/en\/index.php?rest_route=%2Fwp%2Fv2%2Fmedia&parent=86"}],"curies":[{"name":"wp","href":"https:\/\/api.w.org\/{rel}","templated":true}]}}