{"id":51,"date":"2015-09-14T13:00:54","date_gmt":"2015-09-14T13:00:54","guid":{"rendered":"http:\/\/vps2.kwitdata.se\/?page_id=51"},"modified":"2022-01-27T09:37:21","modified_gmt":"2022-01-27T07:37:21","slug":"bocker","status":"publish","type":"page","link":"https:\/\/advanceadvokatbyra.se\/en\/?page_id=51","title":{"rendered":"Published books"},"content":{"rendered":"\n<div class=\"wp-block-columns has-2-columns is-layout-flex wp-container-3\">\n<div class=\"wp-block-column is-layout-flow\">\n<h3 class=\"wp-block-heading\">Lawyer Stefan Flemstr\u00f6m have authored a number of books within the areas of labour law, discrimination law and tenant-owner law.<\/h3>\n<\/div>\n\n\n\n<div class=\"wp-block-column is-layout-flow\">\n<figure class=\"wp-block-image\"><img decoding=\"async\" loading=\"lazy\" width=\"1024\" height=\"576\" src=\"https:\/\/advanceadvokatbyra.se\/en\/wp-content\/uploads\/2015\/09\/20150914_142810-2-1024x576.jpg\" alt=\"\" class=\"wp-image-58\" srcset=\"https:\/\/advanceadvokatbyra.se\/en\/wp-content\/uploads\/2015\/09\/20150914_142810-2-1024x576.jpg 1024w, https:\/\/advanceadvokatbyra.se\/en\/wp-content\/uploads\/2015\/09\/20150914_142810-2-300x169.jpg 300w\" sizes=\"(max-width: 1024px) 100vw, 1024px\" \/><\/figure>\n<\/div>\n<\/div>\n\n\n\n<div class=\"wp-block-image\"><figure class=\"alignleft is-resized\"><img decoding=\"async\" loading=\"lazy\" src=\"https:\/\/advanceadvokatbyra.se\/en\/wp-content\/uploads\/2018\/06\/ratt_arbetsratt_3dhr_clickimage.jpg\" alt=\"\" class=\"wp-image-495\" width=\"216\" height=\"360\"\/><\/figure><\/div>\n\n\n\n<h3 class=\"wp-block-heading\"><a href=\"http:\/\/www.bokus.com\/bok\/9789152331804\/ratt-arbetsratt-2015\/\">R\u00e4tt arbetsr\u00e4tt<\/a><\/h3>\n\n\n\n<p>The book <em>R\u00e4tt Arbetsr\u00e4tt<\/em> provides an explanation of all current, core labour law concepts and expressions that are typically used by the lay person rather than terminology that is considered correct from a legal perspective. Some items concern complex issues that require a more detailed description. Other issues require only a brief explanation. The book is an alphabetical reference source based on applicable laws and regulations that is supplemented with advice, recommendations, comments and a practical case register. The book was written by lawyer Stefan Flemstr\u00f6m and lawyer Louise D\u2019Oliwa. Annually updated.<\/p>\n\n\n\n<div style=\"height:160px\" aria-hidden=\"true\" class=\"wp-block-spacer\"><\/div>\n\n\n\n<div class=\"wp-block-image\"><figure class=\"alignright\"><img decoding=\"async\" loading=\"lazy\" width=\"200\" height=\"283\" src=\"https:\/\/advanceadvokatbyra.se\/en\/wp-content\/uploads\/2015\/12\/9789152309292_200_diskriminering-pa-arbetsplatsen-en-handbok_haftad.jpg\" alt=\"\" class=\"wp-image-342\"\/><\/figure><\/div>\n\n\n\n<h3 class=\"wp-block-heading\"><a href=\"http:\/\/www.bokus.com\/bok\/9789152309292\/diskriminering-pa-arbetsplatsen-en-handbok\/\" target=\"_blank\" rel=\"noreferrer noopener\">Diskriminering p\u00e5 arbetsplatsen &#8211; en handbok (2014)<\/a><\/h3>\n\n\n\n<p><em>Diskriminering p\u00e5 arbetsplatsen<\/em> is primarily intended for those who work directly with human resources issues in a HR-department or as a representative for an employee organisation. This book also has plenty to offer managers who have their own dedicated personnel teams as well as lawyers employed by an organisation or a company. There have been plenty of books published in the past that provide an academic overview of discrimination law. But before this book was published, there was not a book in print that described the law in clear, practical terms. The book was written by lawyer Martina Slorach with lawyer Stefan Flemstr\u00f6m.&nbsp;Published by Sanoma Education in 2014.<\/p>\n\n\n\n<div style=\"height:100px\" aria-hidden=\"true\" class=\"wp-block-spacer\"><\/div>\n\n\n\n<div class=\"wp-block-image\"><figure class=\"alignleft\"><img decoding=\"async\" loading=\"lazy\" width=\"200\" height=\"306\" src=\"https:\/\/advanceadvokatbyra.se\/en\/wp-content\/uploads\/2015\/12\/9789139113737_200_diskrimineringslagen_haftad.jpg\" alt=\"\" class=\"wp-image-341\" srcset=\"https:\/\/advanceadvokatbyra.se\/en\/wp-content\/uploads\/2015\/12\/9789139113737_200_diskrimineringslagen_haftad.jpg 200w, https:\/\/advanceadvokatbyra.se\/en\/wp-content\/uploads\/2015\/12\/9789139113737_200_diskrimineringslagen_haftad-196x300.jpg 196w\" sizes=\"(max-width: 200px) 100vw, 200px\" \/><\/figure><\/div>\n\n\n\n<h3 class=\"wp-block-heading\"><a href=\"http:\/\/www.bokus.com\/bok\/9789139113737\/diskrimineringslagen\/\" target=\"_blank\" rel=\"noreferrer noopener\">Diskrimineringslagen (2013)<\/a><\/h3>\n\n\n\n<p>Published by Norstedts Publishers in 2013, the third edition of the book. The book is used as course literature at the university level and as a handbook for practicing lawyers. The book was written by lawyer Martina Slorach lawyer Stefan Flemstr\u00f6m, senior lecturer H\u00e5kan G\u00f6ransson and master of law Naiti Del Sante.<\/p>\n\n\n\n<div style=\"height:150px\" aria-hidden=\"true\" class=\"wp-block-spacer\"><\/div>\n\n\n\n<div class=\"wp-block-image\"><figure class=\"alignright\"><img decoding=\"async\" loading=\"lazy\" width=\"200\" height=\"229\" src=\"https:\/\/advanceadvokatbyra.se\/en\/wp-content\/uploads\/2015\/12\/9789162286712_200_juridik-for-smaforetagare_haftad.jpg\" alt=\"\" class=\"wp-image-345\"\/><\/figure><\/div>\n\n\n\n<h3 class=\"wp-block-heading\"><a href=\"http:\/\/www.bokus.com\/bok\/9789162286712\/juridik-for-smaforetagare\/\" target=\"_blank\" rel=\"noreferrer noopener\">Juridik f\u00f6r sm\u00e5f\u00f6retagare (2007)<\/a><\/h3>\n\n\n\n<p><em>Juridik f\u00f6r sm\u00e5f\u00f6retagare<\/em> is a clear and concise handbook covering everything from starting a company to staffing, drawing up agreements and even winding up a company if the need arises. The book was written by lawyer Stefan Flemstr\u00f6m and lawyer Louise D\u2019Oliwa. Published by Sanoma Education in 2007.<\/p>\n\n\n\n<div style=\"height:100px\" aria-hidden=\"true\" class=\"wp-block-spacer\"><\/div>\n\n\n\n<div class=\"wp-block-image\"><figure class=\"alignleft\"><img decoding=\"async\" loading=\"lazy\" width=\"300\" height=\"405\" src=\"https:\/\/advanceadvokatbyra.se\/en\/wp-content\/uploads\/2015\/12\/pdf_thumbnail.jpg\" alt=\"\" class=\"wp-image-346\" srcset=\"https:\/\/advanceadvokatbyra.se\/en\/wp-content\/uploads\/2015\/12\/pdf_thumbnail.jpg 300w, https:\/\/advanceadvokatbyra.se\/en\/wp-content\/uploads\/2015\/12\/pdf_thumbnail-222x300.jpg 222w\" sizes=\"(max-width: 300px) 100vw, 300px\" \/><\/figure><\/div>\n\n\n\n<h3 class=\"wp-block-heading\"><a href=\"http:\/\/www.tco.se\/Aktuellt\/Publikationer\/Pub2011\/Ratten-att-sla-larm---En-handbok-om-yttrandefriheten-pa-jobbet---rad-for-whistleblowers\/\" target=\"_blank\" rel=\"noreferrer noopener\">R\u00e4tten att sl\u00e5 larm &#8211; En handbok om yttrandefriheten p\u00e5 jobbet &#8211; r\u00e5d f\u00f6r whistleblowers &nbsp;(2011)<\/a><\/h3>\n\n\n\n<p><em>R\u00e4tten att sl\u00e5 larm<\/em> is a handbook that was written at the request of TCO. The handbook covers the rules around freedom of speech in ones working capacity and contains practical advice for employees concerning whistleblowing. The book was written by lawyers Stefan Flemstr\u00f6m and Martina Slorach with senior lecturer H\u00e5kan Gabinus G\u00f6ransson and TCO\u2019s head of legal services, Ingemar Hamsk\u00e4r. The book may be downloaded free of charge from <a rel=\"noreferrer noopener\" href=\"http:\/\/www.tco.se\/Aktuellt\/Publikationer\/Pub2011\/Ratten-att-sla-larm---En-handbok-om-yttrandefriheten-pa-jobbet---rad-for-whistleblowers\/\" target=\"_blank\">TCO\u2019s website<\/a>.<\/p>\n","protected":false},"excerpt":{"rendered":"<p>Lawyer Stefan Flemstr\u00f6m have authored a number of books within the areas of labour law, discrimination law and tenant-owner law.<\/p>\n","protected":false},"author":1,"featured_media":0,"parent":0,"menu_order":0,"comment_status":"closed","ping_status":"closed","template":"","meta":[],"_links":{"self":[{"href":"https:\/\/advanceadvokatbyra.se\/en\/index.php?rest_route=\/wp\/v2\/pages\/51"}],"collection":[{"href":"https:\/\/advanceadvokatbyra.se\/en\/index.php?rest_route=\/wp\/v2\/pages"}],"about":[{"href":"https:\/\/advanceadvokatbyra.se\/en\/index.php?rest_route=\/wp\/v2\/types\/page"}],"author":[{"embeddable":true,"href":"https:\/\/advanceadvokatbyra.se\/en\/index.php?rest_route=\/wp\/v2\/users\/1"}],"replies":[{"embeddable":true,"href":"https:\/\/advanceadvokatbyra.se\/en\/index.php?rest_route=%2Fwp%2Fv2%2Fcomments&post=51"}],"version-history":[{"count":40,"href":"https:\/\/advanceadvokatbyra.se\/en\/index.php?rest_route=\/wp\/v2\/pages\/51\/revisions"}],"predecessor-version":[{"id":695,"href":"https:\/\/advanceadvokatbyra.se\/en\/index.php?rest_route=\/wp\/v2\/pages\/51\/revisions\/695"}],"wp:attachment":[{"href":"https:\/\/advanceadvokatbyra.se\/en\/index.php?rest_route=%2Fwp%2Fv2%2Fmedia&parent=51"}],"curies":[{"name":"wp","href":"https:\/\/api.w.org\/{rel}","templated":true}]}}