{"id":302,"date":"2015-11-03T12:35:17","date_gmt":"2015-11-03T10:35:17","guid":{"rendered":"http:\/\/vps2.kwitdata.se\/?page_id=302"},"modified":"2021-10-18T17:38:12","modified_gmt":"2021-10-18T15:38:12","slug":"jurister","status":"publish","type":"page","link":"https:\/\/advanceadvokatbyra.se\/en\/?page_id=302","title":{"rendered":"Our People"},"content":{"rendered":"<div id=\"id-cmt-wrapper\" class=\"cmt-wrapper\">\r\n\t<div id=\"cmt-content\"><div id=\"cmt-profile-content\"><div id=\"Lawyer-Stefan-Flemstr\u00f6m\" class=\"cmt_profile\"><div class=\"cmt_profile_pic\"><img width=\"250\" height=\"250\" src=\"https:\/\/advanceadvokatbyra.se\/en\/wp-content\/uploads\/2015\/11\/IMG_4957.png\" class=\"attachment-full alignleft size-full alignleft wp-post-image\" alt=\"\" decoding=\"async\" loading=\"lazy\" srcset=\"https:\/\/advanceadvokatbyra.se\/en\/wp-content\/uploads\/2015\/11\/IMG_4957.png 250w, https:\/\/advanceadvokatbyra.se\/en\/wp-content\/uploads\/2015\/11\/IMG_4957-150x150.png 150w\" sizes=\"(max-width: 250px) 100vw, 250px\" \/>\r\n\t\t\t\t\t<\/div>\r\n\t\t\t\t<strong><span style=\"display: block; padding-top: 5px;\">Lawyer Stefan Flemstr\u00f6m<\/span><\/strong>\r\n\t\t\t\t\t<p><strong><em>Lawyer, Member of the Swedish Bar Association, owner<\/em><\/strong><\/p><p>Lawyer Stefan Flemstr\u00f6m (born 1959) was conferred a degree in law from Stockholm University in 1988. He was first employed by an employer\u2019s organisation before he moved on in 1990 to become an associate at a law firm. Since 1993, Stefan Flemstr\u00f6m has practiced law independently and is the owner of the Advance Advokatbyr\u00e5 in T\u00e4by. Stefan works primarily with labour law and commercial rental law but also works with commercial contract law, trademark law, copyright law, discrimination law and property law. In addition to managing cases as a client representative, he works extensively as a legal adviser for labour issues and takes on assignments relating to labour arbitration and as a special mediator, primarily in labour disputes.\u00a0Lawyer Stefan Flemstr\u00f6m is also active within the mediation foundation,\u00a0<a href=\"http:\/\/sim-medling.org\/\">SIM \u2013 Svenska Institutet f\u00f6r Medling<\/a>,\u00a0and has completed the \"Advanced Mediator Skills\" course with Bill Marsh in March of 2016. Stefan Flemstr\u00f6m also teaches courses in labour law and other civil law at institutes including Stockholm University. He has also authored a number of books in labour law and other civil law including the book <em>Diskrimineringslagen<\/em>(Discrimination law) co-authored with lawyer Martina Slorach, senior lecturer H\u00e5kan Gabinus G\u00f6ransson and master of law Naiti del Sante which is published by noted legal publisher, Norstedts Juridik. He also authored the books <em>Juridik f\u00f6r sm\u00e5f\u00f6retagare<\/em>and <em>R\u00e4tt Arbetsr\u00e4tt, <\/em>which was published by Sanoma Education and co-authored by lawyer Louise D\u2019Oliwa. Stefan has also worked on assignment for TCO in collaboration with lawyer Martina Slorach and senior lecturer G\u00f6ransson as well as TCO\u2019s former head of legal services, Ingemar Hamsk\u00e4r, to author the book <em>R\u00e4tten att sl\u00e5 larm.\u00a0<\/em>Stefan Flemstr\u00f6m also contributes articles on labour law to a number of journals.\r\n\r\n&nbsp;\r\n<table border=\"0\" width=\"408\" cellspacing=\"0\" cellpadding=\"1\">\r\n<tbody>\r\n<tr>\r\n<td valign=\"top\" width=\"60\">Telephone:<\/td>\r\n<td valign=\"top\">+46 (0)8 473 72 03<\/td>\r\n<\/tr>\r\n<tr>\r\n<td valign=\"top\" width=\"60\">Mobile:<\/td>\r\n<td valign=\"top\">+46 (0)706 98 16 46<\/td>\r\n<\/tr>\r\n<tr>\r\n<td valign=\"top\" width=\"60\">E-mail:<\/td>\r\n<td valign=\"top\"><a class=\"pers\" href=\"mailto:stefan.flemstrom@advanceadvokatbyra.se\">stefan.flemstrom@advanceadvokatbyra.se<\/a><\/td>\r\n<\/tr>\r\n<\/tbody>\r\n<\/table>\r\n&nbsp;<\/p>\r\n\t\t\t\t<div class=\"clear\"><\/div><\/div>\r\n\t\t\t\t<div class=\"clear\"><\/div><div id=\"Lawyer-Kasper-Malmsten\" class=\"cmt_profile\"><div class=\"cmt_profile_pic\"><img width=\"214\" height=\"249\" src=\"https:\/\/advanceadvokatbyra.se\/en\/wp-content\/uploads\/2020\/05\/kasper.png\" class=\"attachment-full alignleft size-full alignleft wp-post-image\" alt=\"\" decoding=\"async\" loading=\"lazy\" \/>\r\n\t\t\t\t\t<\/div>\r\n\t\t\t\t<strong><span style=\"display: block; padding-top: 5px;\">Lawyer Kasper Malmsten<\/span><\/strong>\r\n\t\t\t\t\t<p><strong><em>Lawyer<\/em><\/strong><\/p><p>Lawyer Kasper Malmsten graduated from the Law Programme at Stockholm's University in 2019 with an L.L.M. As part of his education he enrolled in courses regarding general international business law and Legal English at Universit\u00e4t Bern in Switzerland. He has during his studies worked at the Chief Guardian\u00b4s Office in T\u00e4by, where he, among various other tasks, has represented the Chief Guardian of Norrt\u00e4lje Kommun and the Chief Guardian Committee of T\u00e4by Kommun in court.\r\n<table border=\"0\" width=\"408\" cellspacing=\"0\" cellpadding=\"1\">\r\n<tbody>\r\n<tr>\r\n<td valign=\"top\" width=\"60\">Telephone:<\/td>\r\n<td valign=\"top\">+46 (0)8 473 72 05<\/td>\r\n<\/tr>\r\n<tr>\r\n<td valign=\"top\" width=\"60\">Mobile:<\/td>\r\n<td valign=\"top\">+46 (0)705 88 53 52<\/td>\r\n<\/tr>\r\n<tr>\r\n<td valign=\"top\" width=\"60\">E-mail:<\/td>\r\n<td valign=\"top\"><a class=\"pers\" href=\"mailto:kasper.malmsten@advanceadvokatbyra.se\">kasper.malmsten@advanceadvokatbyra.se<\/a><\/td>\r\n<\/tr>\r\n<\/tbody>\r\n<\/table>\r\n&nbsp;<\/p>\r\n\t\t\t\t<div class=\"clear\"><\/div><\/div>\r\n\t\t\t\t<div class=\"clear\"><\/div><div id=\"Gunilla-Flemstr\u00f6m\" class=\"cmt_profile\"><div class=\"cmt_profile_pic\"><img width=\"894\" height=\"952\" src=\"https:\/\/advanceadvokatbyra.se\/en\/wp-content\/uploads\/2015\/11\/IMG_2613.jpg\" class=\"attachment-full alignleft size-full alignleft wp-post-image\" alt=\"\" decoding=\"async\" loading=\"lazy\" srcset=\"https:\/\/advanceadvokatbyra.se\/en\/wp-content\/uploads\/2015\/11\/IMG_2613.jpg 894w, https:\/\/advanceadvokatbyra.se\/en\/wp-content\/uploads\/2015\/11\/IMG_2613-282x300.jpg 282w, https:\/\/advanceadvokatbyra.se\/en\/wp-content\/uploads\/2015\/11\/IMG_2613-768x818.jpg 768w\" sizes=\"(max-width: 894px) 100vw, 894px\" \/>\r\n\t\t\t\t\t<\/div>\r\n\t\t\t\t<strong><span style=\"display: block; padding-top: 5px;\">Gunilla Flemstr\u00f6m<\/span><\/strong><p><h3><\/h3>\r\nGunilla Flemstr\u00f6m is the law firm\u00b4s administrator.\r\n\r\n&nbsp;\r\n\r\n&nbsp;<\/p>\r\n\t\t\t\t<div class=\"clear\"><\/div><\/div>\r\n\t\t\t\t<div class=\"clear\"><\/div><\/div>\t\t\t\t\r\n\t<\/div>\r\n<\/div>\n","protected":false},"excerpt":{"rendered":"","protected":false},"author":1,"featured_media":0,"parent":0,"menu_order":0,"comment_status":"closed","ping_status":"closed","template":"","meta":[],"_links":{"self":[{"href":"https:\/\/advanceadvokatbyra.se\/en\/index.php?rest_route=\/wp\/v2\/pages\/302"}],"collection":[{"href":"https:\/\/advanceadvokatbyra.se\/en\/index.php?rest_route=\/wp\/v2\/pages"}],"about":[{"href":"https:\/\/advanceadvokatbyra.se\/en\/index.php?rest_route=\/wp\/v2\/types\/page"}],"author":[{"embeddable":true,"href":"https:\/\/advanceadvokatbyra.se\/en\/index.php?rest_route=\/wp\/v2\/users\/1"}],"replies":[{"embeddable":true,"href":"https:\/\/advanceadvokatbyra.se\/en\/index.php?rest_route=%2Fwp%2Fv2%2Fcomments&post=302"}],"version-history":[{"count":8,"href":"https:\/\/advanceadvokatbyra.se\/en\/index.php?rest_route=\/wp\/v2\/pages\/302\/revisions"}],"predecessor-version":[{"id":689,"href":"https:\/\/advanceadvokatbyra.se\/en\/index.php?rest_route=\/wp\/v2\/pages\/302\/revisions\/689"}],"wp:attachment":[{"href":"https:\/\/advanceadvokatbyra.se\/en\/index.php?rest_route=%2Fwp%2Fv2%2Fmedia&parent=302"}],"curies":[{"name":"wp","href":"https:\/\/api.w.org\/{rel}","templated":true}]}}