{"id":179,"date":"2015-10-13T14:05:13","date_gmt":"2015-10-13T14:05:13","guid":{"rendered":"http:\/\/vps2.kwitdata.se\/?page_id=179"},"modified":"2019-07-12T14:45:09","modified_gmt":"2019-07-12T12:45:09","slug":"samarbetspartners","status":"publish","type":"page","link":"https:\/\/advanceadvokatbyra.se\/en\/?page_id=179","title":{"rendered":"Partners"},"content":{"rendered":"<p>&nbsp;<\/p>\n<p>Gylling Advokatbyr\u00e5&nbsp;<a class=\"red\" style=\"font-weight: bold; color: #8a0b04;\" href=\"http:\/\/www.gyllinglaw.com\/\" target=\"_blank\" rel=\"noopener noreferrer\">www.gyllinglaw.com<\/a><\/p>\n<p>Advokat Lottie Adding, Adding Advice Advokatbyr\u00e5&nbsp;<a class=\"red\" style=\"font-weight: bold; color: #8a0b04;\" href=\"http:\/\/www.addingadvice.se\/\" target=\"_blank\" rel=\"noopener noreferrer\">www.addingadvice.se<\/a><\/p>\n<p>Stiftelsen SIM &#8211; Svenska Institutet f\u00f6r Medling&nbsp;<a class=\"red\" style=\"font-weight: bold; color: #8a0b04;\" href=\"http:\/\/sim-medling.org\/\" target=\"_blank\" rel=\"noopener noreferrer\">http:\/\/sim-medling.org\/<\/a><\/p>\n<p>Advokat G\u00f6ran Eriksson<\/p>\n","protected":false},"excerpt":{"rendered":"<p>&nbsp; Gylling Advokatbyr\u00e5&nbsp;www.gyllinglaw.com Advokat Lottie Adding, Adding Advice Advokatbyr\u00e5&nbsp;www.addingadvice.se Stiftelsen SIM &#8211; Svenska Institutet f\u00f6r Medling&nbsp;http:\/\/sim-medling.org\/ Advokat G\u00f6ran Eriksson<\/p>\n","protected":false},"author":1,"featured_media":0,"parent":0,"menu_order":0,"comment_status":"closed","ping_status":"closed","template":"","meta":[],"_links":{"self":[{"href":"https:\/\/advanceadvokatbyra.se\/en\/index.php?rest_route=\/wp\/v2\/pages\/179"}],"collection":[{"href":"https:\/\/advanceadvokatbyra.se\/en\/index.php?rest_route=\/wp\/v2\/pages"}],"about":[{"href":"https:\/\/advanceadvokatbyra.se\/en\/index.php?rest_route=\/wp\/v2\/types\/page"}],"author":[{"embeddable":true,"href":"https:\/\/advanceadvokatbyra.se\/en\/index.php?rest_route=\/wp\/v2\/users\/1"}],"replies":[{"embeddable":true,"href":"https:\/\/advanceadvokatbyra.se\/en\/index.php?rest_route=%2Fwp%2Fv2%2Fcomments&post=179"}],"version-history":[{"count":10,"href":"https:\/\/advanceadvokatbyra.se\/en\/index.php?rest_route=\/wp\/v2\/pages\/179\/revisions"}],"predecessor-version":[{"id":657,"href":"https:\/\/advanceadvokatbyra.se\/en\/index.php?rest_route=\/wp\/v2\/pages\/179\/revisions\/657"}],"wp:attachment":[{"href":"https:\/\/advanceadvokatbyra.se\/en\/index.php?rest_route=%2Fwp%2Fv2%2Fmedia&parent=179"}],"curies":[{"name":"wp","href":"https:\/\/api.w.org\/{rel}","templated":true}]}}